{"id":15,"date":"2020-06-05T09:12:54","date_gmt":"2020-06-05T09:12:54","guid":{"rendered":"https:\/\/demo.casethemes.net\/bixol\/?page_id=15"},"modified":"2023-02-10T15:21:13","modified_gmt":"2023-02-10T14:21:13","slug":"azienda","status":"publish","type":"page","link":"https:\/\/radit.it\/en\/azienda\/","title":{"rendered":"Company"},"content":{"rendered":"<div data-elementor-type=\"wp-page\" data-elementor-id=\"15\" class=\"elementor elementor-15\">\n\t\t\t\t\t\t\t        <section class=\"elementor-section elementor-top-section elementor-element elementor-element-7f41d081 elementor-section-boxed elementor-section-height-default elementor-section-height-default ct-header-fixed-none\" data-id=\"7f41d081\" data-element_type=\"section\" data-settings=\"{&quot;background_background&quot;:&quot;classic&quot;}\">\n                            <div class=\"elementor-background-overlay\"><\/div>\n                \n                        <div class=\"elementor-container elementor-column-gap-extended\">\n                    <div class=\"elementor-column elementor-col-50 elementor-top-column elementor-element elementor-element-93b8d37 elementor-invisible\" data-id=\"93b8d37\" data-element_type=\"column\" data-settings=\"{&quot;animation&quot;:&quot;slideInLeft&quot;}\">\n            <div class=\"elementor-widget-wrap elementor-element-populated\">\n                        \t\t<div class=\"elementor-element elementor-element-306f149 elementor-widget elementor-widget-image\" data-id=\"306f149\" data-element_type=\"widget\" data-widget_type=\"image.default\">\n\t\t\t\t<div class=\"elementor-widget-container\">\n\t\t\t<style>\/*! elementor - v3.18.0 - 20-12-2023 *\/\n.elementor-widget-image{text-align:center}.elementor-widget-image a{display:inline-block}.elementor-widget-image a img[src$=\".svg\"]{width:48px}.elementor-widget-image img{vertical-align:middle;display:inline-block}<\/style>\t\t\t\t\t\t\t\t\t\t\t\t<img fetchpriority=\"high\" decoding=\"async\" width=\"640\" height=\"640\" src=\"https:\/\/radit.it\/wp-content\/uploads\/2023\/02\/azienda1.jpeg\" class=\"attachment-large size-large wp-image-7049\" alt=\"\" srcset=\"https:\/\/radit.it\/wp-content\/uploads\/2023\/02\/azienda1.jpeg 1000w, https:\/\/radit.it\/wp-content\/uploads\/2023\/02\/azienda1-300x300.jpeg 300w, https:\/\/radit.it\/wp-content\/uploads\/2023\/02\/azienda1-150x150.jpeg 150w, https:\/\/radit.it\/wp-content\/uploads\/2023\/02\/azienda1-768x768.jpeg 768w\" sizes=\"(max-width: 640px) 100vw, 640px\" \/>\t\t\t\t\t\t\t\t\t\t\t\t\t\t\t<\/div>\n\t\t\t\t<\/div>\n\t\t            <\/div>\n        <\/div>\n                <div class=\"elementor-column elementor-col-50 elementor-top-column elementor-element elementor-element-65c88901 elementor-invisible\" data-id=\"65c88901\" data-element_type=\"column\" data-settings=\"{&quot;animation&quot;:&quot;slideInRight&quot;}\">\n            <div class=\"elementor-widget-wrap elementor-element-populated\">\n                        \t\t<div class=\"elementor-element elementor-element-79a384d6 elementor-widget elementor-widget-ct_heading\" data-id=\"79a384d6\" data-element_type=\"widget\" data-widget_type=\"ct_heading.default\">\n\t\t\t\t<div class=\"elementor-widget-container\">\n\t\t\t<div id=\"ct_heading-79a384d6\" class=\"ct-heading h-align- ct-heading-left item-st-default\">\r\n\t<div class=\"ct-heading--inner\">\r\n        <div class=\"ct-inline-css\"  data-css=\"            \">\r\n        <\/div>\r\n                <h3 class=\"item--title  st-default\" data-wow-delay=\"ms\">\r\n            <span class=\"ct-text-inner\">Our history<\/span>        <\/h3>\r\n    <\/div>\r\n<\/div>\t\t<\/div>\n\t\t\t\t<\/div>\n\t\t\t\t<div class=\"elementor-element elementor-element-264d30c3 elementor-widget elementor-widget-ct_text_editor\" data-id=\"264d30c3\" data-element_type=\"widget\" data-widget_type=\"ct_text_editor.default\">\n\t\t\t\t<div class=\"elementor-widget-container\">\n\t\t\t<div id=\"ct_text_editor-264d30c3\" class=\"ct-text-editor\" data-wow-delay=\"ms\">\n\t<div class=\"ct-item--inner\">\n\t\t<div class=\"ct-inline-css\"  data-css=\"\t        \t\t\t\">\n\n\t    <\/div>\n\t\t<div class=\"ct-text-editor elementor-clearfix\">\n\t\t\t<p>The Radit Disinfestazioni company of Treviso was founded in 1982 by Mr. Mario Crestani.<\/p><p>Today it is a leading company in the pesticide and environmental hygiene sector thanks to the commitment, professionalism and numerous investments in the sector. The activity of Radit SRL embraces the sanitation of environments, insect disinfestation, anti-woodworm treatments, fumigation and rat extermination through the use of regularly registered products and techniques approved by the Ministry of Health to guarantee absolute respect for the environment and people's health. All the personnel of Radit Disinfestazioni is provided with a license enabling the use of pesticides in the performance of their duties. It was founded in 1982 by Mr. Mario Crestani.<\/p>\t\t\n\t\t<\/div>\n\t<\/div>\n<\/div>\t\t<\/div>\n\t\t\t\t<\/div>\n\t\t            <\/div>\n        <\/div>\n                            <\/div>\n        <\/section>\n                <section class=\"elementor-section elementor-top-section elementor-element elementor-element-6324352 elementor-section-boxed elementor-section-height-default elementor-section-height-default ct-header-fixed-none\" data-id=\"6324352\" data-element_type=\"section\" data-settings=\"{&quot;background_background&quot;:&quot;classic&quot;}\">\n                            <div class=\"elementor-background-overlay\"><\/div>\n                \n                        <div class=\"elementor-container elementor-column-gap-extended\">\n                    <div class=\"elementor-column elementor-col-50 elementor-top-column elementor-element elementor-element-3b3f07f elementor-invisible\" data-id=\"3b3f07f\" data-element_type=\"column\" data-settings=\"{&quot;animation&quot;:&quot;slideInLeft&quot;}\">\n            <div class=\"elementor-widget-wrap elementor-element-populated\">\n                        \t\t<div class=\"elementor-element elementor-element-5fbc9ac elementor-widget elementor-widget-ct_text_editor\" data-id=\"5fbc9ac\" data-element_type=\"widget\" data-widget_type=\"ct_text_editor.default\">\n\t\t\t\t<div class=\"elementor-widget-container\">\n\t\t\t<div id=\"ct_text_editor-5fbc9ac\" class=\"ct-text-editor\" data-wow-delay=\"ms\">\n\t<div class=\"ct-item--inner\">\n\t\t<div class=\"ct-inline-css\"  data-css=\"\t        \t\t\t\">\n\n\t    <\/div>\n\t\t<div class=\"ct-text-editor elementor-clearfix\">\n\t\t\t<p>The Crestani family has always believed deeply in the need to live in clean, healthy environments and therefore in the importance of fighting any type of infestation to protect people, things and the environment, dedicating themselves to carrying out this activity with passion , professionalism and seriousness. The profound tenacity of Radit Disinfestazioni's technicians has allowed our company to expand nationally and internationally and to acquire among its customers important names such as Alemagna, Motta, Ferrero, Pavesi, Liebig and Pernigotti.<\/p><p>Radit Disinfestazioni has always wanted to invest in new technologies, in refresher courses for its technicians and this working philosophy is a guarantee of the effectiveness of each treatment for each customer. Each weed situation is considered in its own right; it is analysed, studied by our technicians and attacked in a decisive way.<\/p>\t\t\n\t\t<\/div>\n\t<\/div>\n<\/div>\t\t<\/div>\n\t\t\t\t<\/div>\n\t\t            <\/div>\n        <\/div>\n                <div class=\"elementor-column elementor-col-50 elementor-top-column elementor-element elementor-element-acd4657 elementor-invisible\" data-id=\"acd4657\" data-element_type=\"column\" data-settings=\"{&quot;animation&quot;:&quot;slideInRight&quot;}\">\n            <div class=\"elementor-widget-wrap elementor-element-populated\">\n                        \t\t<div class=\"elementor-element elementor-element-6bb2954 elementor-widget elementor-widget-image\" data-id=\"6bb2954\" data-element_type=\"widget\" data-widget_type=\"image.default\">\n\t\t\t\t<div class=\"elementor-widget-container\">\n\t\t\t\t\t\t\t\t\t\t\t\t\t\t\t<img decoding=\"async\" width=\"640\" height=\"640\" src=\"https:\/\/radit.it\/wp-content\/uploads\/2023\/02\/azienda2.jpg\" class=\"attachment-large size-large wp-image-7048\" alt=\"\" srcset=\"https:\/\/radit.it\/wp-content\/uploads\/2023\/02\/azienda2.jpg 1000w, https:\/\/radit.it\/wp-content\/uploads\/2023\/02\/azienda2-300x300.jpg 300w, https:\/\/radit.it\/wp-content\/uploads\/2023\/02\/azienda2-150x150.jpg 150w, https:\/\/radit.it\/wp-content\/uploads\/2023\/02\/azienda2-768x768.jpg 768w\" sizes=\"(max-width: 640px) 100vw, 640px\" \/>\t\t\t\t\t\t\t\t\t\t\t\t\t\t\t<\/div>\n\t\t\t\t<\/div>\n\t\t            <\/div>\n        <\/div>\n                            <\/div>\n        <\/section>\n                <section class=\"elementor-section elementor-top-section elementor-element elementor-element-5e17dc7 elementor-section-boxed elementor-section-height-default elementor-section-height-default ct-header-fixed-none\" data-id=\"5e17dc7\" data-element_type=\"section\" data-settings=\"{&quot;background_background&quot;:&quot;classic&quot;}\">\n                            <div class=\"elementor-background-overlay\"><\/div>\n                \n                        <div class=\"elementor-container elementor-column-gap-extended\">\n                    <div class=\"elementor-column elementor-col-50 elementor-top-column elementor-element elementor-element-b6396e2 elementor-invisible\" data-id=\"b6396e2\" data-element_type=\"column\" data-settings=\"{&quot;animation&quot;:&quot;slideInLeft&quot;}\">\n            <div class=\"elementor-widget-wrap elementor-element-populated\">\n                        \t\t<div class=\"elementor-element elementor-element-a1c2089 elementor-widget elementor-widget-image\" data-id=\"a1c2089\" data-element_type=\"widget\" data-widget_type=\"image.default\">\n\t\t\t\t<div class=\"elementor-widget-container\">\n\t\t\t\t\t\t\t\t\t\t\t\t\t\t\t<img decoding=\"async\" width=\"640\" height=\"640\" src=\"https:\/\/radit.it\/wp-content\/uploads\/2023\/02\/azienda3.jpg\" class=\"attachment-large size-large wp-image-7050\" alt=\"\" srcset=\"https:\/\/radit.it\/wp-content\/uploads\/2023\/02\/azienda3.jpg 1000w, https:\/\/radit.it\/wp-content\/uploads\/2023\/02\/azienda3-300x300.jpg 300w, https:\/\/radit.it\/wp-content\/uploads\/2023\/02\/azienda3-150x150.jpg 150w, https:\/\/radit.it\/wp-content\/uploads\/2023\/02\/azienda3-768x768.jpg 768w\" sizes=\"(max-width: 640px) 100vw, 640px\" \/>\t\t\t\t\t\t\t\t\t\t\t\t\t\t\t<\/div>\n\t\t\t\t<\/div>\n\t\t            <\/div>\n        <\/div>\n                <div class=\"elementor-column elementor-col-50 elementor-top-column elementor-element elementor-element-dfb2899 elementor-invisible\" data-id=\"dfb2899\" data-element_type=\"column\" data-settings=\"{&quot;animation&quot;:&quot;bounceInRight&quot;}\">\n            <div class=\"elementor-widget-wrap elementor-element-populated\">\n                        \t\t<div class=\"elementor-element elementor-element-19805b7 elementor-widget elementor-widget-ct_text_editor\" data-id=\"19805b7\" data-element_type=\"widget\" data-widget_type=\"ct_text_editor.default\">\n\t\t\t\t<div class=\"elementor-widget-container\">\n\t\t\t<div id=\"ct_text_editor-19805b7\" class=\"ct-text-editor\" data-wow-delay=\"ms\">\n\t<div class=\"ct-item--inner\">\n\t\t<div class=\"ct-inline-css\"  data-css=\"\t        \t\t\t\">\n\n\t    <\/div>\n\t\t<div class=\"ct-text-editor elementor-clearfix\">\n\t\t\t<p>Radit Disinfestazioni is able to intervene in any place to solve any type of infestation problem, especially in the food sector. In this field it makes use of the HACCP system: this method starts from the search for all the dangers that could arise both during the production process of a food and during all the other subsequent phases such as storage, transport, preservation up to the sale to the final consumer. It is, therefore, a method of hygiene control aimed at protecting the health of the consumer. The control is carried out with the aid of pheromone traps or glue plates. Once the degree of infestation has been found, action is taken accordingly and the relative documentation essential for HACCP controls is provided. We guarantee a precise, rapid and punctual result at a decidedly competitive cost.<\/p><p>Furthermore, Radit Disinfestazioni is one of the very few companies in Italy (on the whole national territory there are only 5 or 6) to have the possibility of carrying out any type of pesticide intervention through the use of toxic gases and ProFume\u00ae gas ( sulfuryl fluoride).<\/p>\t\t\n\t\t<\/div>\n\t<\/div>\n<\/div>\t\t<\/div>\n\t\t\t\t<\/div>\n\t\t            <\/div>\n        <\/div>\n                            <\/div>\n        <\/section>\n                <section class=\"elementor-section elementor-top-section elementor-element elementor-element-2724002c elementor-section-boxed elementor-section-height-default elementor-section-height-default ct-header-fixed-none\" data-id=\"2724002c\" data-element_type=\"section\">\n            \n                        <div class=\"elementor-container elementor-column-gap-extended\">\n                    <div class=\"elementor-column elementor-col-50 elementor-top-column elementor-element elementor-element-23371787 ct-col-line1\" data-id=\"23371787\" data-element_type=\"column\">\n            <div class=\"elementor-widget-wrap elementor-element-populated\">\n                        \t\t<div class=\"elementor-element elementor-element-640da65e ct-counter-layout1 elementor-widget elementor-widget-ct_counter\" data-id=\"640da65e\" data-element_type=\"widget\" data-widget_type=\"ct_counter.default\">\n\t\t\t\t<div class=\"elementor-widget-container\">\n\t\t\t<div class=\"ct-counter ct-counter-layout1\" data-wow-delay=\"ms\">\r\n    <div class=\"ct-counter-inner\">\r\n                    <div class=\"item--icon style1\">\r\n                <i aria-hidden=\"true\" class=\"fas fa-award\"><\/i>            <\/div>\r\n                        <div class=\"ct-counter-holder\">\r\n            <div class=\"ct-counter-number\">\r\n                                <span class=\"ct-counter-number-value\" data-duration=\"2000\" data-to-value=\"40\" data-delimiter=\"\">1<\/span>\r\n                                    <span class=\"ct-counter-number-suffix\">+<\/span>\r\n                            <\/div>\r\n                            <div class=\"ct-counter-title\">Years of experience<\/div>\r\n                    <\/div>\r\n    <\/div>\r\n<\/div>\t\t<\/div>\n\t\t\t\t<\/div>\n\t\t            <\/div>\n        <\/div>\n                <div class=\"elementor-column elementor-col-50 elementor-top-column elementor-element elementor-element-65bc3a79\" data-id=\"65bc3a79\" data-element_type=\"column\">\n            <div class=\"elementor-widget-wrap elementor-element-populated\">\n                        \t\t<div class=\"elementor-element elementor-element-64090894 ct-counter-layout1 elementor-widget elementor-widget-ct_counter\" data-id=\"64090894\" data-element_type=\"widget\" data-widget_type=\"ct_counter.default\">\n\t\t\t\t<div class=\"elementor-widget-container\">\n\t\t\t<div class=\"ct-counter ct-counter-layout1\" data-wow-delay=\"ms\">\r\n    <div class=\"ct-counter-inner\">\r\n                    <div class=\"item--icon style1\">\r\n                <i aria-hidden=\"true\" class=\"material zmdi zmdi-check-all\"><\/i>            <\/div>\r\n                        <div class=\"ct-counter-holder\">\r\n            <div class=\"ct-counter-number\">\r\n                                <span class=\"ct-counter-number-value\" data-duration=\"2000\" data-to-value=\"100\" data-delimiter=\"\">1<\/span>\r\n                                    <span class=\"ct-counter-number-suffix\">%<\/span>\r\n                            <\/div>\r\n                            <div class=\"ct-counter-title\">Of cases solved in all sectors <br>in which we operate on a daily basis<\/div>\r\n                    <\/div>\r\n    <\/div>\r\n<\/div>\t\t<\/div>\n\t\t\t\t<\/div>\n\t\t            <\/div>\n        <\/div>\n                            <\/div>\n        <\/section>\n        \t\t\t\t\t<\/div>","protected":false},"excerpt":{"rendered":"<p>La nostra storia La societ\u00e0 Radit Disinfestazioni di Treviso \u00e8 stata fondata nel lontano 1982 dal Sig. Mario Crestani. Oggi \u00e8 azienda leader nel settore antiparassitario e dell\u2019igiene ambientale grazie all\u2019impegno, alla professionalit\u00e0 ed ai numerosi investimenti nel settore. L\u2019attivit\u00e0 di Radit SRL abbraccia l\u2019igienizzazione di ambienti, la disinfestazione da insetti, i trattamenti anti-tarlo, la [&hellip;]<\/p>","protected":false},"author":1,"featured_media":0,"parent":0,"menu_order":0,"comment_status":"closed","ping_status":"closed","template":"","meta":{"_monsterinsights_skip_tracking":false,"_monsterinsights_sitenote_active":false,"_monsterinsights_sitenote_note":"","_monsterinsights_sitenote_category":0,"footnotes":""},"class_list":["post-15","page","type-page","status-publish","hentry"],"_links":{"self":[{"href":"https:\/\/radit.it\/en\/wp-json\/wp\/v2\/pages\/15","targetHints":{"allow":["GET"]}}],"collection":[{"href":"https:\/\/radit.it\/en\/wp-json\/wp\/v2\/pages"}],"about":[{"href":"https:\/\/radit.it\/en\/wp-json\/wp\/v2\/types\/page"}],"author":[{"embeddable":true,"href":"https:\/\/radit.it\/en\/wp-json\/wp\/v2\/users\/1"}],"replies":[{"embeddable":true,"href":"https:\/\/radit.it\/en\/wp-json\/wp\/v2\/comments?post=15"}],"version-history":[{"count":14,"href":"https:\/\/radit.it\/en\/wp-json\/wp\/v2\/pages\/15\/revisions"}],"predecessor-version":[{"id":7059,"href":"https:\/\/radit.it\/en\/wp-json\/wp\/v2\/pages\/15\/revisions\/7059"}],"wp:attachment":[{"href":"https:\/\/radit.it\/en\/wp-json\/wp\/v2\/media?parent=15"}],"curies":[{"name":"wp","href":"https:\/\/api.w.org\/{rel}","templated":true}]}}