{"id":7168,"date":"2023-02-13T14:32:41","date_gmt":"2023-02-13T13:32:41","guid":{"rendered":"https:\/\/radit.it\/?page_id=7168"},"modified":"2023-02-13T14:34:35","modified_gmt":"2023-02-13T13:34:35","slug":"disinfestazione-con-pygrain","status":"publish","type":"page","link":"https:\/\/radit.it\/en\/trattamenti-biologici\/disinfestazione-con-pygrain\/","title":{"rendered":"Con Pygrain"},"content":{"rendered":"<div data-elementor-type=\"wp-page\" data-elementor-id=\"7168\" class=\"elementor elementor-7168\">\n\t\t\t\t\t\t\t        <section class=\"elementor-section elementor-top-section elementor-element elementor-element-1788ea1 elementor-section-boxed elementor-section-height-default elementor-section-height-default ct-header-fixed-none\" data-id=\"1788ea1\" data-element_type=\"section\">\n            \n                        <div class=\"elementor-container elementor-column-gap-default\">\n                    <div class=\"elementor-column elementor-col-100 elementor-top-column elementor-element elementor-element-46c393e\" data-id=\"46c393e\" data-element_type=\"column\">\n            <div class=\"elementor-widget-wrap elementor-element-populated\">\n                        \t\t<div class=\"elementor-element elementor-element-655a15c elementor-widget elementor-widget-ct_heading\" data-id=\"655a15c\" data-element_type=\"widget\" data-widget_type=\"ct_heading.default\">\n\t\t\t\t<div class=\"elementor-widget-container\">\n\t\t\t<div id=\"ct_heading-655a15c\" class=\"ct-heading h-align-center ct-heading-left item-st-default\">\r\n\t<div class=\"ct-heading--inner\">\r\n        <div class=\"ct-inline-css\"  data-css=\"            \">\r\n        <\/div>\r\n                <h3 class=\"item--title  st-default\" data-wow-delay=\"ms\">\r\n            <span class=\"ct-text-inner\">Biological pest control with Pygrain<\/span>        <\/h3>\r\n    <\/div>\r\n<\/div>\t\t<\/div>\n\t\t\t\t<\/div>\n\t\t            <\/div>\n        <\/div>\n                            <\/div>\n        <\/section>\n                <section class=\"elementor-section elementor-top-section elementor-element elementor-element-7f41d081 elementor-section-boxed elementor-section-height-default elementor-section-height-default ct-header-fixed-none\" data-id=\"7f41d081\" data-element_type=\"section\" data-settings=\"{&quot;background_background&quot;:&quot;classic&quot;}\">\n                            <div class=\"elementor-background-overlay\"><\/div>\n                \n                        <div class=\"elementor-container elementor-column-gap-extended\">\n                    <div class=\"elementor-column elementor-col-50 elementor-top-column elementor-element elementor-element-93b8d37 elementor-invisible\" data-id=\"93b8d37\" data-element_type=\"column\" data-settings=\"{&quot;animation&quot;:&quot;slideInLeft&quot;}\">\n            <div class=\"elementor-widget-wrap elementor-element-populated\">\n                        \t\t<div class=\"elementor-element elementor-element-306f149 elementor-widget elementor-widget-image\" data-id=\"306f149\" data-element_type=\"widget\" data-widget_type=\"image.default\">\n\t\t\t\t<div class=\"elementor-widget-container\">\n\t\t\t<style>\/*! elementor - v3.18.0 - 20-12-2023 *\/\n.elementor-widget-image{text-align:center}.elementor-widget-image a{display:inline-block}.elementor-widget-image a img[src$=\".svg\"]{width:48px}.elementor-widget-image img{vertical-align:middle;display:inline-block}<\/style>\t\t\t\t\t\t\t\t\t\t\t\t<img fetchpriority=\"high\" decoding=\"async\" width=\"1000\" height=\"1333\" src=\"https:\/\/radit.it\/wp-content\/uploads\/2023\/02\/pexels-eva-bronzini-5988273.jpg\" class=\"attachment-full size-full wp-image-7170\" alt=\"\" srcset=\"https:\/\/radit.it\/wp-content\/uploads\/2023\/02\/pexels-eva-bronzini-5988273.jpg 1000w, https:\/\/radit.it\/wp-content\/uploads\/2023\/02\/pexels-eva-bronzini-5988273-225x300.jpg 225w, https:\/\/radit.it\/wp-content\/uploads\/2023\/02\/pexels-eva-bronzini-5988273-768x1024.jpg 768w\" sizes=\"(max-width: 1000px) 100vw, 1000px\" \/>\t\t\t\t\t\t\t\t\t\t\t\t\t\t\t<\/div>\n\t\t\t\t<\/div>\n\t\t            <\/div>\n        <\/div>\n                <div class=\"elementor-column elementor-col-50 elementor-top-column elementor-element elementor-element-65c88901 elementor-invisible\" data-id=\"65c88901\" data-element_type=\"column\" data-settings=\"{&quot;animation&quot;:&quot;slideInRight&quot;}\">\n            <div class=\"elementor-widget-wrap elementor-element-populated\">\n                        \t\t<div class=\"elementor-element elementor-element-264d30c3 elementor-widget elementor-widget-ct_text_editor\" data-id=\"264d30c3\" data-element_type=\"widget\" data-widget_type=\"ct_text_editor.default\">\n\t\t\t\t<div class=\"elementor-widget-container\">\n\t\t\t<div id=\"ct_text_editor-264d30c3\" class=\"ct-text-editor\" data-wow-delay=\"ms\">\n\t<div class=\"ct-item--inner\">\n\t\t<div class=\"ct-inline-css\"  data-css=\"\t        \t\t\t\">\n\n\t    <\/div>\n\t\t<div class=\"ct-text-editor elementor-clearfix\">\n\t\t\t<p>The fight against food insects can be carried out with different products and techniques.<\/p><p>PYGRAIN is a plant protection product and is composed of pure pyrethrins from pyrethrum extract 2g (=18.61\/ g\/l)<\/p><p>Organic pyrethrum-based insecticide and larvicide specific for the disinfestation of cereals, does not release odors, does not alter the kernels or germinative properties of cereals.<\/p><p>Admitted in organic farming according to Regulation (EC) 834\/2007 and subsequent amendments and adjustments.<\/p><p>The affected insects are:<b>:\u00a0<\/b><b>Awls or calenders<\/b>\u00a0(<em>Sitophilus spp.<\/em>),\u00a0<b>tribbles<\/b>\u00a0(<em>Tribolium spp.<\/em>),\u00a0<b>sylvan\u00a0<\/b>(<em>Oryzaephilus spp.<\/em>),\u00a0<b>cereal cappuccino<\/b>\u00a0(<em>Rhyzopertha dominica<\/em>),\u00a0<b>trogoderm<\/b>\u00a0(<em>Trogoderma spp.<\/em>)<br \/>and others\u00a0<b>food beetles;<\/b>;\u00a0<b>True corn moth<\/b>\u00a0(<em>Sitotroga cerealella<\/em>),\u00a0<b>gray moth<\/b>\u00a0(<em>Ephestia kuehniella<\/em>),\u00a0<b>banded moth<\/b>\u00a0(<em>Plodia interpunctella<\/em>) and others\u00a0<b>arthropods<\/b>\u00a0that infest foodstuffs.<\/p>\t\t\n\t\t<\/div>\n\t<\/div>\n<\/div>\t\t<\/div>\n\t\t\t\t<\/div>\n\t\t            <\/div>\n        <\/div>\n                            <\/div>\n        <\/section>\n        \t\t\t\t\t<\/div>","protected":false},"excerpt":{"rendered":"<p>Disinfestazione biologica con Pygrain La lotta contro gli insetti delle derrate pu\u00f2 essere effettuata con prodotti e tecniche differenti. PYGRAIN \u00e8 un prodotto fitosanitario ed \u00e8 composto di Piretrine pure da estratto di piretro 2g (=18.61\/ g\/l) Insetticida e larvicida biologico a base di piretro naturare specifico per la disinfestazione di cereali, non rilascia odori, [&hellip;]<\/p>","protected":false},"author":1,"featured_media":0,"parent":7140,"menu_order":0,"comment_status":"closed","ping_status":"closed","template":"","meta":{"_monsterinsights_skip_tracking":false,"_monsterinsights_sitenote_active":false,"_monsterinsights_sitenote_note":"","_monsterinsights_sitenote_category":0,"footnotes":""},"class_list":["post-7168","page","type-page","status-publish","hentry"],"_links":{"self":[{"href":"https:\/\/radit.it\/en\/wp-json\/wp\/v2\/pages\/7168","targetHints":{"allow":["GET"]}}],"collection":[{"href":"https:\/\/radit.it\/en\/wp-json\/wp\/v2\/pages"}],"about":[{"href":"https:\/\/radit.it\/en\/wp-json\/wp\/v2\/types\/page"}],"author":[{"embeddable":true,"href":"https:\/\/radit.it\/en\/wp-json\/wp\/v2\/users\/1"}],"replies":[{"embeddable":true,"href":"https:\/\/radit.it\/en\/wp-json\/wp\/v2\/comments?post=7168"}],"version-history":[{"count":4,"href":"https:\/\/radit.it\/en\/wp-json\/wp\/v2\/pages\/7168\/revisions"}],"predecessor-version":[{"id":7173,"href":"https:\/\/radit.it\/en\/wp-json\/wp\/v2\/pages\/7168\/revisions\/7173"}],"up":[{"embeddable":true,"href":"https:\/\/radit.it\/en\/wp-json\/wp\/v2\/pages\/7140"}],"wp:attachment":[{"href":"https:\/\/radit.it\/en\/wp-json\/wp\/v2\/media?parent=7168"}],"curies":[{"name":"wp","href":"https:\/\/api.w.org\/{rel}","templated":true}]}}