{"id":7205,"date":"2023-02-13T15:45:32","date_gmt":"2023-02-13T14:45:32","guid":{"rendered":"https:\/\/radit.it\/?page_id=7205"},"modified":"2023-02-13T15:55:40","modified_gmt":"2023-02-13T14:55:40","slug":"derattizzazione","status":"publish","type":"page","link":"https:\/\/radit.it\/en\/derattizzazione\/","title":{"rendered":"Deratization"},"content":{"rendered":"<div data-elementor-type=\"wp-page\" data-elementor-id=\"7205\" class=\"elementor elementor-7205\">\n\t\t\t\t\t\t\t        <section class=\"elementor-section elementor-top-section elementor-element elementor-element-1788ea1 elementor-section-boxed elementor-section-height-default elementor-section-height-default ct-header-fixed-none\" data-id=\"1788ea1\" data-element_type=\"section\">\n            \n                        <div class=\"elementor-container elementor-column-gap-default\">\n                    <div class=\"elementor-column elementor-col-100 elementor-top-column elementor-element elementor-element-46c393e\" data-id=\"46c393e\" data-element_type=\"column\">\n            <div class=\"elementor-widget-wrap elementor-element-populated\">\n                        \t\t<div class=\"elementor-element elementor-element-655a15c elementor-widget elementor-widget-ct_heading\" data-id=\"655a15c\" data-element_type=\"widget\" data-widget_type=\"ct_heading.default\">\n\t\t\t\t<div class=\"elementor-widget-container\">\n\t\t\t<div id=\"ct_heading-655a15c\" class=\"ct-heading h-align-center ct-heading-left item-st-default\">\r\n\t<div class=\"ct-heading--inner\">\r\n        <div class=\"ct-inline-css\"  data-css=\"            \">\r\n        <\/div>\r\n                <h3 class=\"item--title  st-default\" data-wow-delay=\"ms\">\r\n            <span class=\"ct-text-inner\">Deratization<\/span>        <\/h3>\r\n    <\/div>\r\n<\/div>\t\t<\/div>\n\t\t\t\t<\/div>\n\t\t            <\/div>\n        <\/div>\n                            <\/div>\n        <\/section>\n                <section class=\"elementor-section elementor-top-section elementor-element elementor-element-7f41d081 elementor-section-boxed elementor-section-height-default elementor-section-height-default ct-header-fixed-none\" data-id=\"7f41d081\" data-element_type=\"section\" data-settings=\"{&quot;background_background&quot;:&quot;classic&quot;}\">\n                            <div class=\"elementor-background-overlay\"><\/div>\n                \n                        <div class=\"elementor-container elementor-column-gap-extended\">\n                    <div class=\"elementor-column elementor-col-50 elementor-top-column elementor-element elementor-element-93b8d37 elementor-invisible\" data-id=\"93b8d37\" data-element_type=\"column\" data-settings=\"{&quot;animation&quot;:&quot;slideInLeft&quot;}\">\n            <div class=\"elementor-widget-wrap elementor-element-populated\">\n                        \t\t<div class=\"elementor-element elementor-element-306f149 elementor-widget elementor-widget-image\" data-id=\"306f149\" data-element_type=\"widget\" data-widget_type=\"image.default\">\n\t\t\t\t<div class=\"elementor-widget-container\">\n\t\t\t<style>\/*! elementor - v3.18.0 - 20-12-2023 *\/\n.elementor-widget-image{text-align:center}.elementor-widget-image a{display:inline-block}.elementor-widget-image a img[src$=\".svg\"]{width:48px}.elementor-widget-image img{vertical-align:middle;display:inline-block}<\/style>\t\t\t\t\t\t\t\t\t\t\t\t<img fetchpriority=\"high\" decoding=\"async\" width=\"800\" height=\"447\" src=\"https:\/\/radit.it\/wp-content\/uploads\/2023\/02\/rattus-rattus.jpg\" class=\"attachment-full size-full wp-image-7208\" alt=\"\" srcset=\"https:\/\/radit.it\/wp-content\/uploads\/2023\/02\/rattus-rattus.jpg 800w, https:\/\/radit.it\/wp-content\/uploads\/2023\/02\/rattus-rattus-300x168.jpg 300w, https:\/\/radit.it\/wp-content\/uploads\/2023\/02\/rattus-rattus-768x429.jpg 768w\" sizes=\"(max-width: 800px) 100vw, 800px\" \/>\t\t\t\t\t\t\t\t\t\t\t\t\t\t\t<\/div>\n\t\t\t\t<\/div>\n\t\t\t\t<div class=\"elementor-element elementor-element-875a575 elementor-widget elementor-widget-image\" data-id=\"875a575\" data-element_type=\"widget\" data-widget_type=\"image.default\">\n\t\t\t\t<div class=\"elementor-widget-container\">\n\t\t\t\t\t\t\t\t\t\t\t\t\t\t\t<img decoding=\"async\" width=\"800\" height=\"447\" src=\"https:\/\/radit.it\/wp-content\/uploads\/2023\/02\/mus-musculus.jpg\" class=\"attachment-full size-full wp-image-7209\" alt=\"\" srcset=\"https:\/\/radit.it\/wp-content\/uploads\/2023\/02\/mus-musculus.jpg 800w, https:\/\/radit.it\/wp-content\/uploads\/2023\/02\/mus-musculus-300x168.jpg 300w, https:\/\/radit.it\/wp-content\/uploads\/2023\/02\/mus-musculus-768x429.jpg 768w\" sizes=\"(max-width: 800px) 100vw, 800px\" \/>\t\t\t\t\t\t\t\t\t\t\t\t\t\t\t<\/div>\n\t\t\t\t<\/div>\n\t\t            <\/div>\n        <\/div>\n                <div class=\"elementor-column elementor-col-50 elementor-top-column elementor-element elementor-element-65c88901 elementor-invisible\" data-id=\"65c88901\" data-element_type=\"column\" data-settings=\"{&quot;animation&quot;:&quot;slideInRight&quot;}\">\n            <div class=\"elementor-widget-wrap elementor-element-populated\">\n                        \t\t<div class=\"elementor-element elementor-element-264d30c3 elementor-widget elementor-widget-ct_text_editor\" data-id=\"264d30c3\" data-element_type=\"widget\" data-widget_type=\"ct_text_editor.default\">\n\t\t\t\t<div class=\"elementor-widget-container\">\n\t\t\t<div id=\"ct_text_editor-264d30c3\" class=\"ct-text-editor\" data-wow-delay=\"ms\">\n\t<div class=\"ct-item--inner\">\n\t\t<div class=\"ct-inline-css\"  data-css=\"\t        \t\t\t\">\n\n\t    <\/div>\n\t\t<div class=\"ct-text-editor elementor-clearfix\">\n\t\t\t<h2 class=\"dsvy-element-title\">RATTUS RATTUS<\/h2><div class=\"dsvy-heading-desc\">Sewer rat (rattus Norvegicus), probably originating from the Asian steppe, due to maritime trade it has spread all over the world; among the murid species it is the most dangerous as a vector of pathogenic organisms. It appears to be distributed throughout the national territory.<\/div><div class=\"dsvy-heading-desc\">\u00a0<\/div><div>\u00a0<\/div><div><h2 class=\"dsvy-element-title\">MUS MUSCULUS<\/h2><div class=\"dsvy-heading-desc\">Small in size (about 15-10 cm), gray in colour, it is very prolific and reproduces all year round; it is active above all at night, causes enormous damage, devours large quantities of foodstuffs and is the bearer of serious infectious diseases, among which leptospirosis is the best known; it adapts to any type of environment and nestles wherever man lives and works; it has a very high birth rate.<\/div><div><p>Deratting means the removal or elimination of mice and rats present in an environment. The most common rodent species in our territories are Rattus norvegicus, Rattus rattus and Mus musculus.\u00a0<\/p><p>The exact identification of the weed among the species allows you to set up correct rodent control methods.<\/p><\/div><\/div>\t\t\n\t\t<\/div>\n\t<\/div>\n<\/div>\t\t<\/div>\n\t\t\t\t<\/div>\n\t\t            <\/div>\n        <\/div>\n                            <\/div>\n        <\/section>\n                <section class=\"elementor-section elementor-top-section elementor-element elementor-element-c82391c elementor-section-boxed elementor-section-height-default elementor-section-height-default ct-header-fixed-none\" data-id=\"c82391c\" data-element_type=\"section\" data-settings=\"{&quot;background_background&quot;:&quot;classic&quot;}\">\n                            <div class=\"elementor-background-overlay\"><\/div>\n                \n                        <div class=\"elementor-container elementor-column-gap-extended\">\n                    <div class=\"elementor-column elementor-col-50 elementor-top-column elementor-element elementor-element-6f7efe9 elementor-invisible\" data-id=\"6f7efe9\" data-element_type=\"column\" data-settings=\"{&quot;animation&quot;:&quot;slideInLeft&quot;}\">\n            <div class=\"elementor-widget-wrap elementor-element-populated\">\n                        \t\t<div class=\"elementor-element elementor-element-5fcee82 elementor-widget elementor-widget-ct_text_editor\" data-id=\"5fcee82\" data-element_type=\"widget\" data-widget_type=\"ct_text_editor.default\">\n\t\t\t\t<div class=\"elementor-widget-container\">\n\t\t\t<div id=\"ct_text_editor-5fcee82\" class=\"ct-text-editor\" data-wow-delay=\"ms\">\n\t<div class=\"ct-item--inner\">\n\t\t<div class=\"ct-inline-css\"  data-css=\"\t        \t\t\t\">\n\n\t    <\/div>\n\t\t<div class=\"ct-text-editor elementor-clearfix\">\n\t\t\t<div class=\"vc_row wpb_row vc_row-fluid vc_custom_1461764749872\"><div class=\"wpb_column vc_column_container vc_col-sm-12\"><div class=\"vc_column-inner\"><div class=\"wpb_wrapper\"><div class=\"wpb_text_column wpb_content_element\"><div class=\"wpb_wrapper\"><p>Our homes, offices, schools, hospitals, parks, gardens, the streets of our neighborhood, food companies and storage warehouses\u00a0are some examples of places targeted by rodents as they seek shelter, warmth (especially in the winter months) and food.<\/p><p>The disinfestations are performed on behalf of companies, public and private bodies. The damages that these animals can cause are considerable as they damage premises, foodstuffs and electric cables.<\/p><p>It is important to make use of experts in the field, who know the best techniques and products to use based on a given situation. Rats and mice reproduce very quickly, they become real colonies so do-it-yourself is not recommended in order not to put your health and property at risk. These animals are responsible for the spread of many diseases including plague, biting fever, leptospirosis, salmonellosis, endemic typhus and toxoplasmosis.<\/p><p>Each case will be analyzed, first of all, the degree of infestation with an inspection, which will help our technician to study an action plan to intervene in a focused way. Subsequently we will move on to a check of the critical points, to the choice of the type of bait to use, which will allow us to do an (electronic) monitoring.<\/p><p>Rat extermination monitoring helps the HACCP system, which is fundamental above all in the food industries, according to current regulations.<\/p><p>With us you will be safe, call us for a free quote!<\/p><\/div><\/div><\/div><\/div><\/div><\/div>\t\t\n\t\t<\/div>\n\t<\/div>\n<\/div>\t\t<\/div>\n\t\t\t\t<\/div>\n\t\t            <\/div>\n        <\/div>\n                <div class=\"elementor-column elementor-col-50 elementor-top-column elementor-element elementor-element-02f01de elementor-invisible\" data-id=\"02f01de\" data-element_type=\"column\" data-settings=\"{&quot;animation&quot;:&quot;slideInRight&quot;}\">\n            <div class=\"elementor-widget-wrap elementor-element-populated\">\n                        \t\t<div class=\"elementor-element elementor-element-2606cfd elementor-widget elementor-widget-image\" data-id=\"2606cfd\" data-element_type=\"widget\" data-widget_type=\"image.default\">\n\t\t\t\t<div class=\"elementor-widget-container\">\n\t\t\t\t\t\t\t\t\t\t\t\t\t\t\t<img decoding=\"async\" width=\"1000\" height=\"1333\" src=\"https:\/\/radit.it\/wp-content\/uploads\/2023\/02\/derattizzazione.jpg\" class=\"attachment-full size-full wp-image-7210\" alt=\"\" srcset=\"https:\/\/radit.it\/wp-content\/uploads\/2023\/02\/derattizzazione.jpg 1000w, https:\/\/radit.it\/wp-content\/uploads\/2023\/02\/derattizzazione-225x300.jpg 225w, https:\/\/radit.it\/wp-content\/uploads\/2023\/02\/derattizzazione-768x1024.jpg 768w\" sizes=\"(max-width: 1000px) 100vw, 1000px\" \/>\t\t\t\t\t\t\t\t\t\t\t\t\t\t\t<\/div>\n\t\t\t\t<\/div>\n\t\t            <\/div>\n        <\/div>\n                            <\/div>\n        <\/section>\n        \t\t\t\t\t<\/div>","protected":false},"excerpt":{"rendered":"<p>Derattizzazione RATTUS RATTUS Ratto delle fogne (rattus Norvegicus), originario con tutta probabilit\u00e0 della steppa asiatica, a causa del commercio marittimo si \u00e8 diffuso in tutto il mondo; tra le specie dei muridi \u00e8 il pi\u00f9 pericoloso come vettore di organismi patogeni. Risulta essere distribuito su tutto il territorio nazionale.\u00a0\u00a0 MUS MUSCULUS Di piccola taglia (circa [&hellip;]<\/p>","protected":false},"author":1,"featured_media":0,"parent":0,"menu_order":0,"comment_status":"closed","ping_status":"closed","template":"","meta":{"_monsterinsights_skip_tracking":false,"_monsterinsights_sitenote_active":false,"_monsterinsights_sitenote_note":"","_monsterinsights_sitenote_category":0,"footnotes":""},"class_list":["post-7205","page","type-page","status-publish","hentry"],"_links":{"self":[{"href":"https:\/\/radit.it\/en\/wp-json\/wp\/v2\/pages\/7205","targetHints":{"allow":["GET"]}}],"collection":[{"href":"https:\/\/radit.it\/en\/wp-json\/wp\/v2\/pages"}],"about":[{"href":"https:\/\/radit.it\/en\/wp-json\/wp\/v2\/types\/page"}],"author":[{"embeddable":true,"href":"https:\/\/radit.it\/en\/wp-json\/wp\/v2\/users\/1"}],"replies":[{"embeddable":true,"href":"https:\/\/radit.it\/en\/wp-json\/wp\/v2\/comments?post=7205"}],"version-history":[{"count":4,"href":"https:\/\/radit.it\/en\/wp-json\/wp\/v2\/pages\/7205\/revisions"}],"predecessor-version":[{"id":7213,"href":"https:\/\/radit.it\/en\/wp-json\/wp\/v2\/pages\/7205\/revisions\/7213"}],"wp:attachment":[{"href":"https:\/\/radit.it\/en\/wp-json\/wp\/v2\/media?parent=7205"}],"curies":[{"name":"wp","href":"https:\/\/api.w.org\/{rel}","templated":true}]}}