{"id":7314,"date":"2023-02-15T10:09:22","date_gmt":"2023-02-15T09:09:22","guid":{"rendered":"https:\/\/radit.it\/?page_id=7314"},"modified":"2023-02-15T10:12:41","modified_gmt":"2023-02-15T09:12:41","slug":"disinfestazioni-per-alberghi-e-hotel","status":"publish","type":"page","link":"https:\/\/radit.it\/en\/settori\/disinfestazioni-per-alberghi-e-hotel\/","title":{"rendered":"Pest control for hotels and hotels"},"content":{"rendered":"<div data-elementor-type=\"wp-page\" data-elementor-id=\"7314\" class=\"elementor elementor-7314\">\n\t\t\t\t\t\t\t        <section class=\"elementor-section elementor-top-section elementor-element elementor-element-1788ea1 elementor-section-boxed elementor-section-height-default elementor-section-height-default ct-header-fixed-none\" data-id=\"1788ea1\" data-element_type=\"section\">\n            \n                        <div class=\"elementor-container elementor-column-gap-default\">\n                    <div class=\"elementor-column elementor-col-100 elementor-top-column elementor-element elementor-element-46c393e\" data-id=\"46c393e\" data-element_type=\"column\">\n            <div class=\"elementor-widget-wrap elementor-element-populated\">\n                        \t\t<div class=\"elementor-element elementor-element-655a15c elementor-widget elementor-widget-ct_heading\" data-id=\"655a15c\" data-element_type=\"widget\" data-widget_type=\"ct_heading.default\">\n\t\t\t\t<div class=\"elementor-widget-container\">\n\t\t\t<div id=\"ct_heading-655a15c\" class=\"ct-heading h-align-center ct-heading-left item-st-default\">\r\n\t<div class=\"ct-heading--inner\">\r\n        <div class=\"ct-inline-css\"  data-css=\"            \">\r\n        <\/div>\r\n                <h3 class=\"item--title  st-default\" data-wow-delay=\"ms\">\r\n            <span class=\"ct-text-inner\">Pest control for hotels and hotels<\/span>        <\/h3>\r\n    <\/div>\r\n<\/div>\t\t<\/div>\n\t\t\t\t<\/div>\n\t\t            <\/div>\n        <\/div>\n                            <\/div>\n        <\/section>\n                <section class=\"elementor-section elementor-top-section elementor-element elementor-element-7f41d081 elementor-section-boxed elementor-section-height-default elementor-section-height-default ct-header-fixed-none\" data-id=\"7f41d081\" data-element_type=\"section\" data-settings=\"{&quot;background_background&quot;:&quot;classic&quot;}\">\n                            <div class=\"elementor-background-overlay\"><\/div>\n                \n                        <div class=\"elementor-container elementor-column-gap-extended\">\n                    <div class=\"elementor-column elementor-col-50 elementor-top-column elementor-element elementor-element-93b8d37 elementor-invisible\" data-id=\"93b8d37\" data-element_type=\"column\" data-settings=\"{&quot;animation&quot;:&quot;slideInLeft&quot;}\">\n            <div class=\"elementor-widget-wrap elementor-element-populated\">\n                        \t\t<div class=\"elementor-element elementor-element-306f149 elementor-widget elementor-widget-image\" data-id=\"306f149\" data-element_type=\"widget\" data-widget_type=\"image.default\">\n\t\t\t\t<div class=\"elementor-widget-container\">\n\t\t\t<style>\/*! elementor - v3.18.0 - 20-12-2023 *\/\n.elementor-widget-image{text-align:center}.elementor-widget-image a{display:inline-block}.elementor-widget-image a img[src$=\".svg\"]{width:48px}.elementor-widget-image img{vertical-align:middle;display:inline-block}<\/style>\t\t\t\t\t\t\t\t\t\t\t\t<img fetchpriority=\"high\" decoding=\"async\" width=\"1000\" height=\"667\" src=\"https:\/\/radit.it\/wp-content\/uploads\/2023\/02\/hotel.jpeg\" class=\"attachment-full size-full wp-image-7316\" alt=\"\" srcset=\"https:\/\/radit.it\/wp-content\/uploads\/2023\/02\/hotel.jpeg 1000w, https:\/\/radit.it\/wp-content\/uploads\/2023\/02\/hotel-300x200.jpeg 300w, https:\/\/radit.it\/wp-content\/uploads\/2023\/02\/hotel-768x512.jpeg 768w\" sizes=\"(max-width: 1000px) 100vw, 1000px\" \/>\t\t\t\t\t\t\t\t\t\t\t\t\t\t\t<\/div>\n\t\t\t\t<\/div>\n\t\t            <\/div>\n        <\/div>\n                <div class=\"elementor-column elementor-col-50 elementor-top-column elementor-element elementor-element-65c88901 elementor-invisible\" data-id=\"65c88901\" data-element_type=\"column\" data-settings=\"{&quot;animation&quot;:&quot;slideInRight&quot;}\">\n            <div class=\"elementor-widget-wrap elementor-element-populated\">\n                        \t\t<div class=\"elementor-element elementor-element-264d30c3 elementor-widget elementor-widget-ct_text_editor\" data-id=\"264d30c3\" data-element_type=\"widget\" data-widget_type=\"ct_text_editor.default\">\n\t\t\t\t<div class=\"elementor-widget-container\">\n\t\t\t<div id=\"ct_text_editor-264d30c3\" class=\"ct-text-editor\" data-wow-delay=\"ms\">\n\t<div class=\"ct-item--inner\">\n\t\t<div class=\"ct-inline-css\"  data-css=\"\t        \t\t\t\">\n\n\t    <\/div>\n\t\t<div class=\"ct-text-editor elementor-clearfix\">\n\t\t\t<p>Providing a quality reception service to your guests must be an absolute priority for an accommodation facility. To protect it, it is necessary to keep viruses, bacteria and pests away from hotels.<\/p><p>Our room sanitization and disinfestation services are carried out with discretion. To guarantee you lasting protection against mice, bed bugs, cockroaches, mosquitoes and other pests.<\/p><p>Accommodation facilities must comply with strict quality standards and must prove to live up to the expectations of their customers.<\/p><p>Radit guarantees a professional service through the use of the latest generation tools and a highly specialized team that will be able to provide the ideal solution for your hotel or hotel.<\/p>\t\t\n\t\t<\/div>\n\t<\/div>\n<\/div>\t\t<\/div>\n\t\t\t\t<\/div>\n\t\t            <\/div>\n        <\/div>\n                            <\/div>\n        <\/section>\n        \t\t\t\t\t<\/div>","protected":false},"excerpt":{"rendered":"<p>Disinfestazioni per Alberghi e Hotel Fornire un servizio di accoglienza di qualit\u00e0 ai tuoi ospiti deve essere una priorit\u00e0 assoluto per una struttura ricettiva. Per proteggerla \u00e8 necessario tenere lontani virus, batteri ed infestanti dagli alberghi. I nostri servizi di sanificazione degli ambienti e disinfestazione vengono realizzati con discrezione. Per garantirti una protezione duratura contro [&hellip;]<\/p>","protected":false},"author":1,"featured_media":0,"parent":7274,"menu_order":0,"comment_status":"closed","ping_status":"closed","template":"","meta":{"_monsterinsights_skip_tracking":false,"_monsterinsights_sitenote_active":false,"_monsterinsights_sitenote_note":"","_monsterinsights_sitenote_category":0,"footnotes":""},"class_list":["post-7314","page","type-page","status-publish","hentry"],"_links":{"self":[{"href":"https:\/\/radit.it\/en\/wp-json\/wp\/v2\/pages\/7314","targetHints":{"allow":["GET"]}}],"collection":[{"href":"https:\/\/radit.it\/en\/wp-json\/wp\/v2\/pages"}],"about":[{"href":"https:\/\/radit.it\/en\/wp-json\/wp\/v2\/types\/page"}],"author":[{"embeddable":true,"href":"https:\/\/radit.it\/en\/wp-json\/wp\/v2\/users\/1"}],"replies":[{"embeddable":true,"href":"https:\/\/radit.it\/en\/wp-json\/wp\/v2\/comments?post=7314"}],"version-history":[{"count":4,"href":"https:\/\/radit.it\/en\/wp-json\/wp\/v2\/pages\/7314\/revisions"}],"predecessor-version":[{"id":7319,"href":"https:\/\/radit.it\/en\/wp-json\/wp\/v2\/pages\/7314\/revisions\/7319"}],"up":[{"embeddable":true,"href":"https:\/\/radit.it\/en\/wp-json\/wp\/v2\/pages\/7274"}],"wp:attachment":[{"href":"https:\/\/radit.it\/en\/wp-json\/wp\/v2\/media?parent=7314"}],"curies":[{"name":"wp","href":"https:\/\/api.w.org\/{rel}","templated":true}]}}