{"id":7320,"date":"2023-02-15T10:15:28","date_gmt":"2023-02-15T09:15:28","guid":{"rendered":"https:\/\/radit.it\/?page_id=7320"},"modified":"2023-02-15T10:19:46","modified_gmt":"2023-02-15T09:19:46","slug":"disinfestazioni-per-pub-e-bar","status":"publish","type":"page","link":"https:\/\/radit.it\/en\/settori\/disinfestazioni-per-pub-e-bar\/","title":{"rendered":"Disinfestazioni per Pub e Bar"},"content":{"rendered":"<div data-elementor-type=\"wp-page\" data-elementor-id=\"7320\" class=\"elementor elementor-7320\">\n\t\t\t\t\t\t\t        <section class=\"elementor-section elementor-top-section elementor-element elementor-element-1788ea1 elementor-section-boxed elementor-section-height-default elementor-section-height-default ct-header-fixed-none\" data-id=\"1788ea1\" data-element_type=\"section\">\n            \n                        <div class=\"elementor-container elementor-column-gap-default\">\n                    <div class=\"elementor-column elementor-col-100 elementor-top-column elementor-element elementor-element-46c393e\" data-id=\"46c393e\" data-element_type=\"column\">\n            <div class=\"elementor-widget-wrap elementor-element-populated\">\n                        \t\t<div class=\"elementor-element elementor-element-655a15c elementor-widget elementor-widget-ct_heading\" data-id=\"655a15c\" data-element_type=\"widget\" data-widget_type=\"ct_heading.default\">\n\t\t\t\t<div class=\"elementor-widget-container\">\n\t\t\t<div id=\"ct_heading-655a15c\" class=\"ct-heading h-align-center ct-heading-left item-st-default\">\r\n\t<div class=\"ct-heading--inner\">\r\n        <div class=\"ct-inline-css\"  data-css=\"            \">\r\n        <\/div>\r\n                <h3 class=\"item--title  st-default\" data-wow-delay=\"ms\">\r\n            <span class=\"ct-text-inner\">Disinfestazioni per Pub e Bar<\/span>        <\/h3>\r\n    <\/div>\r\n<\/div>\t\t<\/div>\n\t\t\t\t<\/div>\n\t\t            <\/div>\n        <\/div>\n                            <\/div>\n        <\/section>\n                <section class=\"elementor-section elementor-top-section elementor-element elementor-element-7f41d081 elementor-section-boxed elementor-section-height-default elementor-section-height-default ct-header-fixed-none\" data-id=\"7f41d081\" data-element_type=\"section\" data-settings=\"{&quot;background_background&quot;:&quot;classic&quot;}\">\n                            <div class=\"elementor-background-overlay\"><\/div>\n                \n                        <div class=\"elementor-container elementor-column-gap-extended\">\n                    <div class=\"elementor-column elementor-col-50 elementor-top-column elementor-element elementor-element-93b8d37 elementor-invisible\" data-id=\"93b8d37\" data-element_type=\"column\" data-settings=\"{&quot;animation&quot;:&quot;slideInLeft&quot;}\">\n            <div class=\"elementor-widget-wrap elementor-element-populated\">\n                        \t\t<div class=\"elementor-element elementor-element-306f149 elementor-widget elementor-widget-image\" data-id=\"306f149\" data-element_type=\"widget\" data-widget_type=\"image.default\">\n\t\t\t\t<div class=\"elementor-widget-container\">\n\t\t\t<style>\/*! elementor - v3.18.0 - 20-12-2023 *\/\n.elementor-widget-image{text-align:center}.elementor-widget-image a{display:inline-block}.elementor-widget-image a img[src$=\".svg\"]{width:48px}.elementor-widget-image img{vertical-align:middle;display:inline-block}<\/style>\t\t\t\t\t\t\t\t\t\t\t\t<img fetchpriority=\"high\" decoding=\"async\" width=\"1000\" height=\"666\" src=\"https:\/\/radit.it\/wp-content\/uploads\/2023\/02\/pexels-pixabay-260922.jpg\" class=\"attachment-full size-full wp-image-7323\" alt=\"\" srcset=\"https:\/\/radit.it\/wp-content\/uploads\/2023\/02\/pexels-pixabay-260922.jpg 1000w, https:\/\/radit.it\/wp-content\/uploads\/2023\/02\/pexels-pixabay-260922-300x200.jpg 300w, https:\/\/radit.it\/wp-content\/uploads\/2023\/02\/pexels-pixabay-260922-768x511.jpg 768w\" sizes=\"(max-width: 1000px) 100vw, 1000px\" \/>\t\t\t\t\t\t\t\t\t\t\t\t\t\t\t<\/div>\n\t\t\t\t<\/div>\n\t\t            <\/div>\n        <\/div>\n                <div class=\"elementor-column elementor-col-50 elementor-top-column elementor-element elementor-element-65c88901 elementor-invisible\" data-id=\"65c88901\" data-element_type=\"column\" data-settings=\"{&quot;animation&quot;:&quot;slideInRight&quot;}\">\n            <div class=\"elementor-widget-wrap elementor-element-populated\">\n                        \t\t<div class=\"elementor-element elementor-element-264d30c3 elementor-widget elementor-widget-ct_text_editor\" data-id=\"264d30c3\" data-element_type=\"widget\" data-widget_type=\"ct_text_editor.default\">\n\t\t\t\t<div class=\"elementor-widget-container\">\n\t\t\t<div id=\"ct_text_editor-264d30c3\" class=\"ct-text-editor\" data-wow-delay=\"ms\">\n\t<div class=\"ct-item--inner\">\n\t\t<div class=\"ct-inline-css\"  data-css=\"\t        \t\t\t\">\n\n\t    <\/div>\n\t\t<div class=\"ct-text-editor elementor-clearfix\">\n\t\t\t<p>In the food sector, any type of dirt or contamination, even if it comes from a negligible pest activity, is absolutely inadmissible.<\/p><p>For this reason, accurate disinfection must always be associated with disinfestation and rodent control activities.<\/p><p>Radit fornisce interventi mirati attraverso l\u2019utilizzo delle pi\u00f9 moderne tecnologie che garantiranno al vostro bar la miglior disinfestazione.<\/p><p>To control and limit the spread of diseases and damage caused by mice and insects, it is not always sufficient to suppress the pests and carry out ordinary cleaning. In fact, particular disinfection treatments are necessary to restore optimal hygienic-sanitary conditions and defend everyone's health.<\/p>\t\t\n\t\t<\/div>\n\t<\/div>\n<\/div>\t\t<\/div>\n\t\t\t\t<\/div>\n\t\t            <\/div>\n        <\/div>\n                            <\/div>\n        <\/section>\n        \t\t\t\t\t<\/div>","protected":false},"excerpt":{"rendered":"<p>Disinfestazioni per Pub e Bar Nel settore alimentare, qualsiasi tipo di sporcizia o contaminazione, seppur proveniente da una trascurabile attivit\u00e0 infestante, \u00e8 assolutamente inammissibile. Per questo motivo alle attivit\u00e0 di disinfestazione e derattizzazione deve essere sempre associata una accurata disinfezione. Radit fornisce interventi mirati attraverso l\u2019utilizzo delle pi\u00f9 moderne tecnologie che garantiranno al vostro bar [&hellip;]<\/p>","protected":false},"author":1,"featured_media":0,"parent":7274,"menu_order":0,"comment_status":"closed","ping_status":"closed","template":"","meta":{"_monsterinsights_skip_tracking":false,"_monsterinsights_sitenote_active":false,"_monsterinsights_sitenote_note":"","_monsterinsights_sitenote_category":0,"footnotes":""},"class_list":["post-7320","page","type-page","status-publish","hentry"],"_links":{"self":[{"href":"https:\/\/radit.it\/en\/wp-json\/wp\/v2\/pages\/7320","targetHints":{"allow":["GET"]}}],"collection":[{"href":"https:\/\/radit.it\/en\/wp-json\/wp\/v2\/pages"}],"about":[{"href":"https:\/\/radit.it\/en\/wp-json\/wp\/v2\/types\/page"}],"author":[{"embeddable":true,"href":"https:\/\/radit.it\/en\/wp-json\/wp\/v2\/users\/1"}],"replies":[{"embeddable":true,"href":"https:\/\/radit.it\/en\/wp-json\/wp\/v2\/comments?post=7320"}],"version-history":[{"count":4,"href":"https:\/\/radit.it\/en\/wp-json\/wp\/v2\/pages\/7320\/revisions"}],"predecessor-version":[{"id":7326,"href":"https:\/\/radit.it\/en\/wp-json\/wp\/v2\/pages\/7320\/revisions\/7326"}],"up":[{"embeddable":true,"href":"https:\/\/radit.it\/en\/wp-json\/wp\/v2\/pages\/7274"}],"wp:attachment":[{"href":"https:\/\/radit.it\/en\/wp-json\/wp\/v2\/media?parent=7320"}],"curies":[{"name":"wp","href":"https:\/\/api.w.org\/{rel}","templated":true}]}}